{"id":49,"date":"2024-10-25T17:48:42","date_gmt":"2024-10-25T17:48:42","guid":{"rendered":"https:\/\/dev.seidler-baumpflege.de\/index.php\/contact-us\/"},"modified":"2025-05-26T07:17:39","modified_gmt":"2025-05-26T07:17:39","slug":"kontakt","status":"publish","type":"page","link":"https:\/\/dev.seidler-baumpflege.de\/index.php\/kontakt\/","title":{"rendered":"Kontakt"},"content":{"rendered":"\t\t<div data-elementor-type=\"wp-page\" data-elementor-id=\"49\" class=\"elementor elementor-49\">\n\t\t\t\t<div class=\"elementor-element elementor-element-4825d5e e-flex e-con-boxed e-con e-parent\" data-id=\"4825d5e\" data-element_type=\"container\" data-settings=\"{&quot;background_background&quot;:&quot;classic&quot;}\">\n\t\t\t\t\t<div class=\"e-con-inner\">\n\t\t\t\t<div class=\"elementor-element elementor-element-a8782bf elementor-invisible elementor-widget elementor-widget-heading\" data-id=\"a8782bf\" data-element_type=\"widget\" data-settings=\"{&quot;_animation&quot;:&quot;zoomOutUp&quot;,&quot;_animation_delay&quot;:250}\" data-widget_type=\"heading.default\">\n\t\t\t\t<div class=\"elementor-widget-container\">\n\t\t\t\t\t<h1 class=\"elementor-heading-title elementor-size-default\">Kontakt<\/h1>\t\t\t\t<\/div>\n\t\t\t\t<\/div>\n\t\t\t\t<div class=\"elementor-element elementor-element-4c5ccb5 elementor-widget__width-initial elementor-invisible elementor-widget elementor-widget-text-editor\" data-id=\"4c5ccb5\" data-element_type=\"widget\" data-settings=\"{&quot;_animation&quot;:&quot;fadeInUp&quot;,&quot;_animation_delay&quot;:500}\" data-widget_type=\"text-editor.default\">\n\t\t\t\t<div class=\"elementor-widget-container\">\n\t\t\t\t\t\t\t\t\t<p>We&#8217;re here to help! Reach out for inquiries, support, or collaboration opportunities. Your feedback is valuable to us, and we look forward to connecting with you.<\/p>\t\t\t\t\t\t\t\t<\/div>\n\t\t\t\t<\/div>\n\t\t\t\t\t<\/div>\n\t\t\t\t<\/div>\n\t\t<div class=\"elementor-element elementor-element-cd69cea e-flex e-con-boxed e-con e-parent\" data-id=\"cd69cea\" data-element_type=\"container\">\n\t\t\t\t\t<div class=\"e-con-inner\">\n\t\t<div class=\"elementor-element elementor-element-b97000a e-con-full e-flex e-con e-child\" data-id=\"b97000a\" data-element_type=\"container\">\n\t\t\t\t<div class=\"elementor-element elementor-element-0aae4e2 elementor-invisible elementor-widget elementor-widget-heading\" data-id=\"0aae4e2\" data-element_type=\"widget\" data-settings=\"{&quot;_animation&quot;:&quot;fadeInUp&quot;,&quot;_animation_delay&quot;:250}\" data-widget_type=\"heading.default\">\n\t\t\t\t<div class=\"elementor-widget-container\">\n\t\t\t\t\t<h6 class=\"elementor-heading-title elementor-size-default\">Wir beraten Sie<\/h6>\t\t\t\t<\/div>\n\t\t\t\t<\/div>\n\t\t\t\t<div class=\"elementor-element elementor-element-011aaee elementor-widget__width-initial elementor-invisible elementor-widget elementor-widget-heading\" data-id=\"011aaee\" data-element_type=\"widget\" data-settings=\"{&quot;_animation&quot;:&quot;fadeInUp&quot;,&quot;_animation_delay&quot;:500}\" data-widget_type=\"heading.default\">\n\t\t\t\t<div class=\"elementor-widget-container\">\n\t\t\t\t\t<h4 class=\"elementor-heading-title elementor-size-default\">Kontaktieren Sie uns \u2013 wir sind f\u00fcr Sie da!<\/h4>\t\t\t\t<\/div>\n\t\t\t\t<\/div>\n\t\t\t\t<div class=\"elementor-element elementor-element-69eba14 elementor-widget__width-initial elementor-invisible elementor-widget elementor-widget-text-editor\" data-id=\"69eba14\" data-element_type=\"widget\" data-settings=\"{&quot;_animation&quot;:&quot;fadeInUp&quot;,&quot;_animation_delay&quot;:750}\" data-widget_type=\"text-editor.default\">\n\t\t\t\t<div class=\"elementor-widget-container\">\n\t\t\t\t\t\t\t\t\t<p>Sie haben Fragen rund um die Baumpflege, w\u00fcnschen eine Beratung oder m\u00f6chten direkt einen Termin vereinbaren? Schreiben Sie uns oder rufen Sie uns an \u2013 unser Team freut sich darauf, Ihnen weiterzuhelfen.<\/p>\t\t\t\t\t\t\t\t<\/div>\n\t\t\t\t<\/div>\n\t\t\t\t<\/div>\n\t\t<div class=\"elementor-element elementor-element-d86c2ac e-con-full e-flex elementor-invisible e-con e-child\" data-id=\"d86c2ac\" data-element_type=\"container\" data-settings=\"{&quot;background_background&quot;:&quot;classic&quot;,&quot;animation&quot;:&quot;fadeInRight&quot;}\">\n\t\t\t\t<div class=\"elementor-element elementor-element-c618ea3 ui-e-submit-align-left elementor-widget elementor-widget-uicore-contact-form\" data-id=\"c618ea3\" data-element_type=\"widget\" data-widget_type=\"uicore-contact-form.default\">\n\t\t\t\t<div class=\"elementor-widget-container\">\n\t\t\t\t\t\n\t\t<form class=\"ui-e-form\" method=\"post\" name=\"New Form\">\n\n            <input type=\"hidden\" name=\"post_id\" value=\"49\"\/>\n            <input type=\"hidden\" name=\"widget_type\" value=\"contact-form\">\n\n            <input type=\"hidden\" name=\"required_fields_message\" value=\"Fill all required fields.\">\n\n\t\t\t<div class=\"ui-e-fields-wrp\">\n\n\t\t\t\t\n\t\t\t\t\t<div class=\"ui-e-field-type-text ui-e-field-group elementor-column ui-e-field-group-name elementor-col-50 \">\n\t\t\t\t\t\t                                <label for=\"form-field-name\" class=\"ui-e-label elementor-screen-only\">\n                                    Vorname                                <\/label>\n                            \t\t\t\t\t\t\t\t\t<input size=\"1\" type=\"text\" name=\"form_fields[name]\" id=\"form-field-name\" class=\"ui-e-field  ui-e-field-textual\" placeholder=\"Vorname\" required=\"required\" aria-required=\"true\">\n\t\t\t\t\t\t\t\t\t\t\t\t\t<\/div>\n\n\t\t\t\t\n\t\t\t\t\t<div class=\"ui-e-field-type-text ui-e-field-group elementor-column ui-e-field-group-name elementor-col-50 \">\n\t\t\t\t\t\t                                <label for=\"form-field-name\" class=\"ui-e-label elementor-screen-only\">\n                                    Nachname                                <\/label>\n                            \t\t\t\t\t\t\t\t\t<input size=\"1\" type=\"text\" name=\"form_fields[name]\" id=\"form-field-name\" class=\"ui-e-field  ui-e-field-textual\" placeholder=\"Nachname\" required=\"required\" aria-required=\"true\">\n\t\t\t\t\t\t\t\t\t\t\t\t\t<\/div>\n\n\t\t\t\t\n\t\t\t\t\t<div class=\"ui-e-field-type-email ui-e-field-group elementor-column ui-e-field-group-email elementor-col-100 \">\n\t\t\t\t\t\t                                <label for=\"form-field-email\" class=\"ui-e-label elementor-screen-only\">\n                                    E-Mail                                <\/label>\n                            \t\t\t\t\t\t\t\t\t<input size=\"1\" type=\"email\" name=\"form_fields[email]\" id=\"form-field-email\" class=\"ui-e-field  ui-e-field-textual\" placeholder=\"E-Mail\" required=\"required\" aria-required=\"true\">\n\t\t\t\t\t\t\t\t\t\t\t\t\t<\/div>\n\n\t\t\t\t\n\t\t\t\t\t<div class=\"ui-e-field-type-textarea ui-e-field-group elementor-column ui-e-field-group-message elementor-col-100\">\n\t\t\t\t\t\t                                <label for=\"form-field-message\" class=\"ui-e-label elementor-screen-only\">\n                                    Nachricht                                <\/label>\n                            <textarea class=\"ui-e-field \" name=\"form_fields[message]\" id=\"form-field-message\" rows=\"4\" placeholder=\"Ihre Nachricht\"><\/textarea>\t\t\t\t\t<\/div>\n\n\t\t\t\t\n\t\t\t\t<div class=\"ui-e-field-group elementor-column ui-e-field-type-submit elementor-col-100 e-form__buttons\">\n\t\t\t\t\t<button type=\"submit\" class=\"elementor-button\">\n\t\t\t\t\t\t<span >\n\t\t\t\t\t\t\t\t\t\t\t\t\t\t\t<span class=\"\">\n\t\t\t\t\t\t\t\t\t\t\t\t\t\t\t\t\t\t\t\t\t\t\t\t\t\t<\/span>\n\t\t\t\t\t\t\t\t\t\t\t\t\t\t\t\t\t\t\t\t\t\t<span class=\"ui-e-text\">Senden<\/span>\n\t\t\t\t\t\t\t\t\t\t\t\t\t<\/span>\n\t\t\t\t\t<\/button>\n\t\t\t\t<\/div>\n\n\t\t\t<\/div>\n\n            <div class=\"ui-e-message \">\n                           <\/div>\n\t\t<\/form>\n\t\t            <script>\n                window.ui_e_form_validation_messages = {\"required_fields\":\"Fill all required fields.\"};\n            <\/script>\n        \t\t\t\t<\/div>\n\t\t\t\t<\/div>\n\t\t\t\t<\/div>\n\t\t\t\t\t<\/div>\n\t\t\t\t<\/div>\n\t\t<div class=\"elementor-element elementor-element-6443a65 e-flex e-con-boxed elementor-invisible e-con e-parent\" data-id=\"6443a65\" data-element_type=\"container\" data-settings=\"{&quot;animation&quot;:&quot;fadeInUp&quot;,&quot;animation_delay&quot;:500}\">\n\t\t\t\t\t<div class=\"e-con-inner\">\n\t\t<div class=\"elementor-element elementor-element-0734ac5 e-grid e-con-full e-con e-child\" data-id=\"0734ac5\" data-element_type=\"container\">\n\t\t\t\t<div class=\"elementor-element elementor-element-8efd5b0 ui-e-align-left ui-e-align-tablet-left ui-e-align-mobile-left ui-e-top elementor-widget elementor-widget-uicore-icon-box\" data-id=\"8efd5b0\" data-element_type=\"widget\" data-settings=\"{&quot;position&quot;:&quot;top&quot;,&quot;content_padding&quot;:{&quot;unit&quot;:&quot;px&quot;,&quot;top&quot;:&quot;&quot;,&quot;right&quot;:&quot;&quot;,&quot;bottom&quot;:&quot;&quot;,&quot;left&quot;:&quot;&quot;,&quot;isLinked&quot;:true},&quot;content_padding_tablet&quot;:{&quot;unit&quot;:&quot;px&quot;,&quot;top&quot;:&quot;&quot;,&quot;right&quot;:&quot;&quot;,&quot;bottom&quot;:&quot;&quot;,&quot;left&quot;:&quot;&quot;,&quot;isLinked&quot;:true},&quot;content_padding_mobile&quot;:{&quot;unit&quot;:&quot;px&quot;,&quot;top&quot;:&quot;&quot;,&quot;right&quot;:&quot;&quot;,&quot;bottom&quot;:&quot;&quot;,&quot;left&quot;:&quot;&quot;,&quot;isLinked&quot;:true}}\" data-widget_type=\"uicore-icon-box.default\">\n\t\t\t\t<div class=\"elementor-widget-container\">\n\t\t\t\t\t\n\t\t\t<div class=\"ui-e-ico-box\" >\n\n\t\t\t\t\n\t\t\t\t<div class='ui-e-flex-wrp'>\n\n\t\t\t\t\t\t\t\t\t\t\t<div class=\"ui-e-icon-wrp\">\n\n\t\t\t\t\t\t\t<img decoding=\"async\" width=\"48\" height=\"48\" src=\"https:\/\/dev.seidler-baumpflege.de\/wp-content\/uploads\/2025\/05\/harvest-icon-10.webp\" class=\"attachment-medium size-medium\" alt=\"\" \/>\n\t\t\t\t\t\t<\/div>\n\t\t\t\t\t\n\t\t\t\t\t<div class=\"ui-e-title-wrp\"><h4 class=\"ui-e-title\">E-Mail an uns!<\/h4><\/div>\n\t\t\t\t<\/div>\n\n\t\t\t\t<div class=\"ui-e-box-content\">\n\t\t\t\t\t\n\t\t\t\t\t<div class=\"ui-e-description\">\n\t\t\t\t\t\t<p><a class=\"mail\">info@seidler-baumpflege.de <\/a><\/p>\t\t\t\t\t<\/div>\n\n\t\t\t\t\t\n\t\t\t\t<\/div>\n\t\t\t<\/div>\n\t\t\t\t\t\t<\/div>\n\t\t\t\t<\/div>\n\t\t\t\t<div class=\"elementor-element elementor-element-cc9690b ui-e-align-left ui-e-align-tablet-left ui-e-align-mobile-left ui-e-top elementor-widget elementor-widget-uicore-icon-box\" data-id=\"cc9690b\" data-element_type=\"widget\" data-settings=\"{&quot;position&quot;:&quot;top&quot;,&quot;content_padding&quot;:{&quot;unit&quot;:&quot;px&quot;,&quot;top&quot;:&quot;&quot;,&quot;right&quot;:&quot;&quot;,&quot;bottom&quot;:&quot;&quot;,&quot;left&quot;:&quot;&quot;,&quot;isLinked&quot;:true},&quot;content_padding_tablet&quot;:{&quot;unit&quot;:&quot;px&quot;,&quot;top&quot;:&quot;&quot;,&quot;right&quot;:&quot;&quot;,&quot;bottom&quot;:&quot;&quot;,&quot;left&quot;:&quot;&quot;,&quot;isLinked&quot;:true},&quot;content_padding_mobile&quot;:{&quot;unit&quot;:&quot;px&quot;,&quot;top&quot;:&quot;&quot;,&quot;right&quot;:&quot;&quot;,&quot;bottom&quot;:&quot;&quot;,&quot;left&quot;:&quot;&quot;,&quot;isLinked&quot;:true}}\" data-widget_type=\"uicore-icon-box.default\">\n\t\t\t\t<div class=\"elementor-widget-container\">\n\t\t\t\t\t\n\t\t\t<div class=\"ui-e-ico-box\" >\n\n\t\t\t\t\n\t\t\t\t<div class='ui-e-flex-wrp'>\n\n\t\t\t\t\t\t\t\t\t\t\t<div class=\"ui-e-icon-wrp\">\n\n\t\t\t\t\t\t\t<img decoding=\"async\" width=\"49\" height=\"48\" src=\"https:\/\/dev.seidler-baumpflege.de\/wp-content\/uploads\/2025\/05\/harvest-icon-11.webp\" class=\"attachment-medium size-medium\" alt=\"\" \/>\n\t\t\t\t\t\t<\/div>\n\t\t\t\t\t\n\t\t\t\t\t<div class=\"ui-e-title-wrp\"><h4 class=\"ui-e-title\">Rufen Sie uns an!<\/h4><\/div>\n\t\t\t\t<\/div>\n\n\t\t\t\t<div class=\"ui-e-box-content\">\n\t\t\t\t\t\n\t\t\t\t\t<div class=\"ui-e-description\">\n\t\t\t\t\t\t<a href=\"tel:+491789714575\"> +49 178 9714575<\/a><\/p>\t\t\t\t\t<\/div>\n\n\t\t\t\t\t\n\t\t\t\t<\/div>\n\t\t\t<\/div>\n\t\t\t\t\t\t<\/div>\n\t\t\t\t<\/div>\n\t\t\t\t<div class=\"elementor-element elementor-element-d55f0d9 ui-e-align-left ui-e-align-tablet-left ui-e-align-mobile-left ui-e-top elementor-widget elementor-widget-uicore-icon-box\" data-id=\"d55f0d9\" data-element_type=\"widget\" data-settings=\"{&quot;position&quot;:&quot;top&quot;,&quot;content_padding&quot;:{&quot;unit&quot;:&quot;px&quot;,&quot;top&quot;:&quot;&quot;,&quot;right&quot;:&quot;&quot;,&quot;bottom&quot;:&quot;&quot;,&quot;left&quot;:&quot;&quot;,&quot;isLinked&quot;:true},&quot;content_padding_tablet&quot;:{&quot;unit&quot;:&quot;px&quot;,&quot;top&quot;:&quot;&quot;,&quot;right&quot;:&quot;&quot;,&quot;bottom&quot;:&quot;&quot;,&quot;left&quot;:&quot;&quot;,&quot;isLinked&quot;:true},&quot;content_padding_mobile&quot;:{&quot;unit&quot;:&quot;px&quot;,&quot;top&quot;:&quot;&quot;,&quot;right&quot;:&quot;&quot;,&quot;bottom&quot;:&quot;&quot;,&quot;left&quot;:&quot;&quot;,&quot;isLinked&quot;:true}}\" data-widget_type=\"uicore-icon-box.default\">\n\t\t\t\t<div class=\"elementor-widget-container\">\n\t\t\t\t\t\n\t\t\t<div class=\"ui-e-ico-box\" >\n\n\t\t\t\t\n\t\t\t\t<div class='ui-e-flex-wrp'>\n\n\t\t\t\t\t\t\t\t\t\t\t<div class=\"ui-e-icon-wrp\">\n\n\t\t\t\t\t\t\t<img decoding=\"async\" width=\"49\" height=\"48\" src=\"https:\/\/dev.seidler-baumpflege.de\/wp-content\/uploads\/2025\/05\/harvest-icon-12.webp\" class=\"attachment-medium size-medium\" alt=\"\" \/>\n\t\t\t\t\t\t<\/div>\n\t\t\t\t\t\n\t\t\t\t\t<div class=\"ui-e-title-wrp\"><h4 class=\"ui-e-title\">Anschrift<\/h4><\/div>\n\t\t\t\t<\/div>\n\n\t\t\t\t<div class=\"ui-e-box-content\">\n\t\t\t\t\t\n\t\t\t\t\t<div class=\"ui-e-description\">\n\t\t\t\t\t\t<p>Bilharzstra\u00dfe 6, 89081 Ulm-Lehr<\/p>\t\t\t\t\t<\/div>\n\n\t\t\t\t\t\n\t\t\t\t<\/div>\n\t\t\t<\/div>\n\t\t\t\t\t\t<\/div>\n\t\t\t\t<\/div>\n\t\t\t\t<\/div>\n\t\t\t\t\t<\/div>\n\t\t\t\t<\/div>\n\t\t\t\t<\/div>\n\t\t","protected":false},"excerpt":{"rendered":"<p>Kontakt We&#8217;re here to help! Reach out for inquiries, support, or collaboration opportunities. Your feedback is valuable to us, and we look forward to connecting with you. Wir beraten Sie Kontaktieren Sie uns \u2013 wir sind f\u00fcr Sie da! Sie haben Fragen rund um die Baumpflege, w\u00fcnschen eine Beratung oder m\u00f6chten direkt einen Termin vereinbaren? [&hellip;]<\/p>\n","protected":false},"author":1,"featured_media":0,"parent":0,"menu_order":0,"comment_status":"closed","ping_status":"closed","template":"","meta":{"footnotes":""},"class_list":["post-49","page","type-page","status-publish","hentry"],"_links":{"self":[{"href":"https:\/\/dev.seidler-baumpflege.de\/index.php\/wp-json\/wp\/v2\/pages\/49","targetHints":{"allow":["GET"]}}],"collection":[{"href":"https:\/\/dev.seidler-baumpflege.de\/index.php\/wp-json\/wp\/v2\/pages"}],"about":[{"href":"https:\/\/dev.seidler-baumpflege.de\/index.php\/wp-json\/wp\/v2\/types\/page"}],"author":[{"embeddable":true,"href":"https:\/\/dev.seidler-baumpflege.de\/index.php\/wp-json\/wp\/v2\/users\/1"}],"replies":[{"embeddable":true,"href":"https:\/\/dev.seidler-baumpflege.de\/index.php\/wp-json\/wp\/v2\/comments?post=49"}],"version-history":[{"count":28,"href":"https:\/\/dev.seidler-baumpflege.de\/index.php\/wp-json\/wp\/v2\/pages\/49\/revisions"}],"predecessor-version":[{"id":638,"href":"https:\/\/dev.seidler-baumpflege.de\/index.php\/wp-json\/wp\/v2\/pages\/49\/revisions\/638"}],"wp:attachment":[{"href":"https:\/\/dev.seidler-baumpflege.de\/index.php\/wp-json\/wp\/v2\/media?parent=49"}],"curies":[{"name":"wp","href":"https:\/\/api.w.org\/{rel}","templated":true}]}}